{"id":7,"date":"2014-11-21T04:51:49","date_gmt":"2014-11-21T04:51:49","guid":{"rendered":"http:\/\/localhost\/wordpress-4.0.1\/wordpress\/?page_id=2"},"modified":"2024-07-09T15:47:34","modified_gmt":"2024-07-09T13:47:34","slug":"about","status":"publish","type":"page","link":"https:\/\/www.wirtschaftscampus.de\/compliance-focus\/about\/","title":{"rendered":"About"},"content":{"rendered":"<div class=\"field-items\">\n<div class=\"field-item even\">\n<p>COMPLIANCEfocus ist ein kostenloses Angebot der <a title=\"WIRTSCHAFTScampus Dr. Peem\u00f6ller GmbH\" href=\"http:\/\/www.wirtschaftscampus.de\" target=\"_blank\" rel=\"noopener\">WIRTSCHAFTScampus Dr. Peem\u00f6ller GmbH.<\/a><\/p>\n<p>Die WIRTSCHAFTScampus Dr. Peem\u00f6ller GmbH und ihre Mitarbeiter besitzen seit \u00fcber 10 Jahren Erfahrungen im Bereich der buchhalterischen und betrieblichen Weiterbildung und als Veranstalter von betriebswirtschaftlichen Seminaren, Workshops, Jahres-Updates und Inhouseschulungen. Das Leistungsangebot des WIRTSCHAFTScampus beinhaltet die Lehrgangssegmente<\/p>\n<ul>\n<li>Certified Compliance Officer<\/li>\n<li>Certified Chief Compliance Officer<\/li>\n<li>Certified Tax Compliance Officer<\/li>\n<li>Certified IT Compliance Officer<\/li>\n<li>Certified Export Compliance Officer<\/li>\n<li>Certified IFRS Accountant<\/li>\n<li>Certified Junior\/Senior Accountant<\/li>\n<li>Bilanzbuchhalter \/-in (IHK)<\/li>\n<li>Bilanzbuchhalter \/-in International (IHK)<\/li>\n<li>English for Accountants<\/li>\n<\/ul>\n<p>Gesch\u00e4ftsf\u00fchrer ist <a title=\"Webseite von Prof. Dr. Volker Peem\u00f6ller\" href=\"http:\/\/www.volker-peemoeller.de\" target=\"_blank\" rel=\"noopener\">Prof. Dr. Volker Peem\u00f6ller<\/a>, emeritierter Professor f\u00fcr Betriebswirtschaftslehre der Universit\u00e4t Erlangen-N\u00fcrnberg. Schwerpunkte seiner T\u00e4tigkeit sind die Bereiche Unternehmensbewertung, Internationale Rechnungslegung, Interne Revision, Controlling und Bilanzanalyse. Aktuell hat er einen Lehrauftrag &#8222;Wertemanagement und Compliance&#8220; am Internationalen Hochschulinstitut (IHI) Zittau, ist Mitglied des Verwaltungsrats des Deutschen Institutes f\u00fcr Interne Revision sowie Mitglied des Herausgeberbeirates der Zeitschrift Risk, Fraud &amp; Compliance.<\/p>\n<p>&nbsp;<\/p>\n<p><strong>Impressum \/ Legal Information<\/strong><\/p>\n<p><span class=\"boldnormal\">WIRTSCHAFTScampus<br \/>\nDr. Peem\u00f6ller GmbH <\/span><\/p>\n<p>Austra\u00dfe 42<br \/>\n97299 Zell<br \/>\nTel. +49 (0)931 \/ 40 47 28 69<br \/>\nFax +49 (0)931 \/ 46 05 86 54<\/p>\n<p>www.wirtschaftscampus.de<br \/>\ninfo AT wirtschaftscampus DOT de<\/p>\n<p>Gesch\u00e4ftsf\u00fchrer: Prof. Dr. Volker Peem\u00f6ller<\/p>\n<p>Amtsgericht W\u00fcrzburg<br \/>\nHRB 11070<\/p>\n<p>USt-IdNr. DE277251844<\/p>\n<p>Inhaltlich Verantwortlicher gem\u00e4\u00df \u00a7 10 Absatz 3 MDStV:<br \/>\nProf. Dr. Volker Peem\u00f6ller<br \/>\n(Anschrift wie oben)<\/p>\n<p>Haftungshinweis:<br \/>\nTrotz sorgf\u00e4ltiger inhaltlicher Kontrolle \u00fcbernehmen wir keine Haftung f\u00fcr die Inhalte externer Links. F\u00fcr den Inhalt der verlinkten Seiten sind ausschlie\u00dflich deren Betreiber verantwortlich.<\/p>\n<p>Social-Media-Buttons:<br \/>\nWir verwenden die DSGVO-konforme L\u00f6sung &#8222;Shariff&#8220;, ein Projekt der <a href=\"https:\/\/www.ct.de\" target=\"_blank\" rel=\"noopener noreferrer nofollow\">c&#8217;t.<\/a><\/p>\n<p>Foto- und Bildmaterial dieser Website:<br \/>\nSofern der Bildnachweis nicht direkt auf der einzelnen Website angezeigt wird, entstammen unsere Fotos (Imagebilder) folgenden Quellen: www.de.fotolia.com<\/p>\n<\/div>\n<\/div>\n","protected":false},"excerpt":{"rendered":"<p>COMPLIANCEfocus ist ein kostenloses Angebot der WIRTSCHAFTScampus Dr. Peem\u00f6ller GmbH. Die WIRTSCHAFTScampus Dr. Peem\u00f6ller GmbH und ihre Mitarbeiter besitzen seit \u00fcber 10 Jahren Erfahrungen im Bereich der buchhalterischen und betrieblichen Weiterbildung und als Veranstalter von betriebswirtschaftlichen Seminaren, Workshops, Jahres-Updates und Inhouseschulungen. Das Leistungsangebot des WIRTSCHAFTScampus beinhaltet die Lehrgangssegmente Certified Compliance Officer Certified Chief Compliance Officer [&hellip;]<\/p>\n","protected":false},"author":1,"featured_media":0,"parent":0,"menu_order":0,"comment_status":"closed","ping_status":"closed","template":"","meta":{"footnotes":""},"class_list":["post-7","page","type-page","status-publish","hentry"],"_links":{"self":[{"href":"https:\/\/www.wirtschaftscampus.de\/compliance-focus\/wp-json\/wp\/v2\/pages\/7","targetHints":{"allow":["GET"]}}],"collection":[{"href":"https:\/\/www.wirtschaftscampus.de\/compliance-focus\/wp-json\/wp\/v2\/pages"}],"about":[{"href":"https:\/\/www.wirtschaftscampus.de\/compliance-focus\/wp-json\/wp\/v2\/types\/page"}],"author":[{"embeddable":true,"href":"https:\/\/www.wirtschaftscampus.de\/compliance-focus\/wp-json\/wp\/v2\/users\/1"}],"replies":[{"embeddable":true,"href":"https:\/\/www.wirtschaftscampus.de\/compliance-focus\/wp-json\/wp\/v2\/comments?post=7"}],"version-history":[{"count":6,"href":"https:\/\/www.wirtschaftscampus.de\/compliance-focus\/wp-json\/wp\/v2\/pages\/7\/revisions"}],"predecessor-version":[{"id":986,"href":"https:\/\/www.wirtschaftscampus.de\/compliance-focus\/wp-json\/wp\/v2\/pages\/7\/revisions\/986"}],"wp:attachment":[{"href":"https:\/\/www.wirtschaftscampus.de\/compliance-focus\/wp-json\/wp\/v2\/media?parent=7"}],"curies":[{"name":"wp","href":"https:\/\/api.w.org\/{rel}","templated":true}]}}