{"id":14,"date":"2023-03-14T15:44:26","date_gmt":"2023-03-14T14:44:26","guid":{"rendered":"https:\/\/www.wirtschaftscampus.de\/rechnungswesen-focus\/?page_id=14"},"modified":"2024-07-11T10:52:12","modified_gmt":"2024-07-11T08:52:12","slug":"about","status":"publish","type":"page","link":"https:\/\/www.wirtschaftscampus.de\/rechnungswesen-focus\/about\/","title":{"rendered":"About"},"content":{"rendered":"<div class=\"shariff shariff-align-flex-start shariff-widget-align-flex-start shariff-buttonstretch\" style=\"display:none\"><ul class=\"shariff-buttons theme-white orientation-horizontal buttonsize-small\"><li class=\"shariff-button xing shariff-nocustomcolor\" style=\"background-color:#29888a\"><a href=\"https:\/\/www.xing.com\/spi\/shares\/new?url=https%3A%2F%2Fwww.wirtschaftscampus.de%2Frechnungswesen-focus%2Fabout%2F\" title=\"Bei XING teilen\" aria-label=\"Bei XING teilen\" role=\"button\" rel=\"noopener nofollow\" class=\"shariff-link\" style=\"; background-color:#126567; color:#126567\" target=\"_blank\"><span class=\"shariff-icon\" style=\"fill:#126567\"><svg width=\"32px\" height=\"20px\" xmlns=\"http:\/\/www.w3.org\/2000\/svg\" viewBox=\"0 0 25 32\"><path fill=\"#126567\" d=\"M10.7 11.9q-0.2 0.3-4.6 8.2-0.5 0.8-1.2 0.8h-4.3q-0.4 0-0.5-0.3t0-0.6l4.5-8q0 0 0 0l-2.9-5q-0.2-0.4 0-0.7 0.2-0.3 0.5-0.3h4.3q0.7 0 1.2 0.8zM25.1 0.4q0.2 0.3 0 0.7l-9.4 16.7 6 11q0.2 0.4 0 0.6-0.2 0.3-0.6 0.3h-4.3q-0.7 0-1.2-0.8l-6-11.1q0.3-0.6 9.5-16.8 0.4-0.8 1.2-0.8h4.3q0.4 0 0.5 0.3z\"\/><\/svg><\/span><span class=\"shariff-text\" style=\"color:#126567\">teilen<\/span>&nbsp;<\/a><\/li><li class=\"shariff-button reddit shariff-nocustomcolor\" style=\"background-color:#ff5700\"><a href=\"https:\/\/www.reddit.com\/submit?url=https%3A%2F%2Fwww.wirtschaftscampus.de%2Frechnungswesen-focus%2Fabout%2F\" title=\"Bei Reddit teilen\" aria-label=\"Bei Reddit teilen\" role=\"button\" rel=\"noopener nofollow\" class=\"shariff-link\" style=\"; background-color:#ff4500; color:#ff4500\" target=\"_blank\"><span class=\"shariff-icon\" style=\"fill:#ff4500\"><svg xmlns=\"http:\/\/www.w3.org\/2000\/svg\" viewBox=\"0 0 512 512\"><path fill=\"#ff4500\" d=\"M440.3 203.5c-15 0-28.2 6.2-37.9 15.9-35.7-24.7-83.8-40.6-137.1-42.3L293 52.3l88.2 19.8c0 21.6 17.6 39.2 39.2 39.2 22 0 39.7-18.1 39.7-39.7s-17.6-39.7-39.7-39.7c-15.4 0-28.7 9.3-35.3 22l-97.4-21.6c-4.9-1.3-9.7 2.2-11 7.1L246.3 177c-52.9 2.2-100.5 18.1-136.3 42.8-9.7-10.1-23.4-16.3-38.4-16.3-55.6 0-73.8 74.6-22.9 100.1-1.8 7.9-2.6 16.3-2.6 24.7 0 83.8 94.4 151.7 210.3 151.7 116.4 0 210.8-67.9 210.8-151.7 0-8.4-.9-17.2-3.1-25.1 49.9-25.6 31.5-99.7-23.8-99.7zM129.4 308.9c0-22 17.6-39.7 39.7-39.7 21.6 0 39.2 17.6 39.2 39.7 0 21.6-17.6 39.2-39.2 39.2-22 .1-39.7-17.6-39.7-39.2zm214.3 93.5c-36.4 36.4-139.1 36.4-175.5 0-4-3.5-4-9.7 0-13.7 3.5-3.5 9.7-3.5 13.2 0 27.8 28.5 120 29 149 0 3.5-3.5 9.7-3.5 13.2 0 4.1 4 4.1 10.2.1 13.7zm-.8-54.2c-21.6 0-39.2-17.6-39.2-39.2 0-22 17.6-39.7 39.2-39.7 22 0 39.7 17.6 39.7 39.7-.1 21.5-17.7 39.2-39.7 39.2z\"\/><\/svg><\/span><span class=\"shariff-text\" style=\"color:#ff4500\">teilen<\/span>&nbsp;<\/a><\/li><li class=\"shariff-button twitter shariff-nocustomcolor\" style=\"background-color:#595959\"><a href=\"https:\/\/twitter.com\/share?url=https%3A%2F%2Fwww.wirtschaftscampus.de%2Frechnungswesen-focus%2Fabout%2F&text=About\" title=\"Bei X teilen\" aria-label=\"Bei X teilen\" role=\"button\" rel=\"noopener nofollow\" class=\"shariff-link\" style=\"; background-color:#000; color:#000\" target=\"_blank\"><span class=\"shariff-icon\" style=\"fill:#000\"><svg width=\"32px\" height=\"20px\" xmlns=\"http:\/\/www.w3.org\/2000\/svg\" viewBox=\"0 0 24 24\"><path fill=\"#000\" d=\"M14.258 10.152L23.176 0h-2.113l-7.747 8.813L7.133 0H0l9.352 13.328L0 23.973h2.113l8.176-9.309 6.531 9.309h7.133zm-2.895 3.293l-.949-1.328L2.875 1.56h3.246l6.086 8.523.945 1.328 7.91 11.078h-3.246zm0 0\"\/><\/svg><\/span><span class=\"shariff-text\" style=\"color:#000\">teilen<\/span>&nbsp;<\/a><\/li><li class=\"shariff-button linkedin shariff-nocustomcolor\" style=\"background-color:#1488bf\"><a href=\"https:\/\/www.linkedin.com\/sharing\/share-offsite\/?url=https%3A%2F%2Fwww.wirtschaftscampus.de%2Frechnungswesen-focus%2Fabout%2F\" title=\"Bei LinkedIn teilen\" aria-label=\"Bei LinkedIn teilen\" role=\"button\" rel=\"noopener nofollow\" class=\"shariff-link\" style=\"; background-color:#0077b5; color:#0077b5\" target=\"_blank\"><span class=\"shariff-icon\" style=\"fill:#0077b5\"><svg width=\"32px\" height=\"20px\" xmlns=\"http:\/\/www.w3.org\/2000\/svg\" viewBox=\"0 0 27 32\"><path fill=\"#0077b5\" d=\"M6.2 11.2v17.7h-5.9v-17.7h5.9zM6.6 5.7q0 1.3-0.9 2.2t-2.4 0.9h0q-1.5 0-2.4-0.9t-0.9-2.2 0.9-2.2 2.4-0.9 2.4 0.9 0.9 2.2zM27.4 18.7v10.1h-5.9v-9.5q0-1.9-0.7-2.9t-2.3-1.1q-1.1 0-1.9 0.6t-1.2 1.5q-0.2 0.5-0.2 1.4v9.9h-5.9q0-7.1 0-11.6t0-5.3l0-0.9h5.9v2.6h0q0.4-0.6 0.7-1t1-0.9 1.6-0.8 2-0.3q3 0 4.9 2t1.9 6z\"\/><\/svg><\/span><span class=\"shariff-text\" style=\"color:#0077b5\">teilen<\/span>&nbsp;<\/a><\/li><li class=\"shariff-button facebook shariff-nocustomcolor\" style=\"background-color:#4273c8\"><a href=\"https:\/\/www.facebook.com\/sharer\/sharer.php?u=https%3A%2F%2Fwww.wirtschaftscampus.de%2Frechnungswesen-focus%2Fabout%2F\" title=\"Bei Facebook teilen\" aria-label=\"Bei Facebook teilen\" role=\"button\" rel=\"nofollow\" class=\"shariff-link\" style=\"; background-color:#3b5998; color:#3b5998\" target=\"_blank\"><span class=\"shariff-icon\" style=\"fill:#3b5998\"><svg width=\"32px\" height=\"20px\" xmlns=\"http:\/\/www.w3.org\/2000\/svg\" viewBox=\"0 0 18 32\"><path fill=\"#3b5998\" d=\"M17.1 0.2v4.7h-2.8q-1.5 0-2.1 0.6t-0.5 1.9v3.4h5.2l-0.7 5.3h-4.5v13.6h-5.5v-13.6h-4.5v-5.3h4.5v-3.9q0-3.3 1.9-5.2t5-1.8q2.6 0 4.1 0.2z\"\/><\/svg><\/span><span class=\"shariff-text\" style=\"color:#3b5998\">teilen<\/span>&nbsp;<\/a><\/li><li class=\"shariff-button whatsapp shariff-nocustomcolor\" style=\"background-color:#5cbe4a\"><a href=\"https:\/\/api.whatsapp.com\/send?text=https%3A%2F%2Fwww.wirtschaftscampus.de%2Frechnungswesen-focus%2Fabout%2F%20About\" title=\"Bei Whatsapp teilen\" aria-label=\"Bei Whatsapp teilen\" role=\"button\" rel=\"noopener nofollow\" class=\"shariff-link\" style=\"; background-color:#34af23; color:#34af23\" target=\"_blank\"><span class=\"shariff-icon\" style=\"fill:#34af23\"><svg width=\"32px\" height=\"20px\" xmlns=\"http:\/\/www.w3.org\/2000\/svg\" viewBox=\"0 0 32 32\"><path fill=\"#34af23\" d=\"M17.6 17.4q0.2 0 1.7 0.8t1.6 0.9q0 0.1 0 0.3 0 0.6-0.3 1.4-0.3 0.7-1.3 1.2t-1.8 0.5q-1 0-3.4-1.1-1.7-0.8-3-2.1t-2.6-3.3q-1.3-1.9-1.3-3.5v-0.1q0.1-1.6 1.3-2.8 0.4-0.4 0.9-0.4 0.1 0 0.3 0t0.3 0q0.3 0 0.5 0.1t0.3 0.5q0.1 0.4 0.6 1.6t0.4 1.3q0 0.4-0.6 1t-0.6 0.8q0 0.1 0.1 0.3 0.6 1.3 1.8 2.4 1 0.9 2.7 1.8 0.2 0.1 0.4 0.1 0.3 0 1-0.9t0.9-0.9zM14 26.9q2.3 0 4.3-0.9t3.6-2.4 2.4-3.6 0.9-4.3-0.9-4.3-2.4-3.6-3.6-2.4-4.3-0.9-4.3 0.9-3.6 2.4-2.4 3.6-0.9 4.3q0 3.6 2.1 6.6l-1.4 4.2 4.3-1.4q2.8 1.9 6.2 1.9zM14 2.2q2.7 0 5.2 1.1t4.3 2.9 2.9 4.3 1.1 5.2-1.1 5.2-2.9 4.3-4.3 2.9-5.2 1.1q-3.5 0-6.5-1.7l-7.4 2.4 2.4-7.2q-1.9-3.2-1.9-6.9 0-2.7 1.1-5.2t2.9-4.3 4.3-2.9 5.2-1.1z\"\/><\/svg><\/span><span class=\"shariff-text\" style=\"color:#34af23\">teilen<\/span>&nbsp;<\/a><\/li><\/ul><\/div><p>RECHNUNGSWESENfocus ist ein kostenloses Angebot der <a title=\"WIRTSCHAFTScampus Dr. Peem\u00f6ller GmbH\" href=\"http:\/\/www.wirtschaftscampus.de\" target=\"_blank\" rel=\"noopener\">WIRTSCHAFTScampus Dr. Peem\u00f6ller GmbH.<\/a><\/p>\n<p>Die WIRTSCHAFTScampus Dr. Peem\u00f6ller GmbH und ihre Mitarbeiter besitzen seit \u00fcber 10 Jahren Erfahrungen im Bereich der buchhalterischen und betrieblichen Weiterbildung und als Veranstalter von betriebswirtschaftlichen Seminaren, Workshops, Jahres-Updates und Inhouseschulungen. Das Leistungsangebot des WIRTSCHAFTScampus beinhaltet die Lehrgangssegmente<\/p>\n<ul>\n<li>Certified Compliance Officer<\/li>\n<li>Certified Chief Compliance Officer<\/li>\n<li>Certified Tax Compliance Officer<\/li>\n<li>Certified IT Compliance Officer<\/li>\n<li>Certified Export Compliance Officer<\/li>\n<li>Certified IFRS Accountant<\/li>\n<li>Certified Junior\/Senior Accountant<\/li>\n<li>Bilanzbuchhalter \/-in (IHK)<\/li>\n<li>Bilanzbuchhalter \/-in International (IHK)<\/li>\n<li>English for Accountants<\/li>\n<\/ul>\n<p>Gesch\u00e4ftsf\u00fchrer ist <a title=\"Webseite von Prof. Dr. Volker Peem\u00f6ller\" href=\"http:\/\/www.volker-peemoeller.de\" target=\"_blank\" rel=\"noopener\">Prof. Dr. Volker Peem\u00f6ller<\/a>, emeritierter Professor f\u00fcr Betriebswirtschaftslehre der Universit\u00e4t Erlangen-N\u00fcrnberg. Schwerpunkte seiner T\u00e4tigkeit sind die Bereiche Unternehmensbewertung, Internationale Rechnungslegung, Interne Revision, Controlling und Bilanzanalyse. Aktuell hat er einen Lehrauftrag &#8222;Wertemanagement und Compliance&#8220; am Internationalen Hochschulinstitut (IHI) Zittau, ist Mitglied des Verwaltungsrats des Deutschen Institutes f\u00fcr Interne Revision sowie Mitglied des Herausgeberbeirates der Zeitschrift Risk, Fraud &amp; Compliance.<\/p>\n<p>&nbsp;<\/p>\n<p><strong>Impressum \/ Legal Information<\/strong><\/p>\n<p><span class=\"boldnormal\">WIRTSCHAFTScampus<br \/>\nDr. Peem\u00f6ller GmbH <\/span><\/p>\n<p>Austra\u00dfe 42<br \/>\n97299 Zell<br \/>\nTel. +49 (0)931 \/ 40 47 28 69<br \/>\nFax +49 (0)931 \/ 46 05 86 54<\/p>\n<p>www.wirtschaftscampus.de<br \/>\ninfo AT wirtschaftscampus DOT de<\/p>\n<p>Gesch\u00e4ftsf\u00fchrer: Prof. Dr. Volker Peem\u00f6ller<\/p>\n<p>Amtsgericht W\u00fcrzburg<br \/>\nHRB 11070<\/p>\n<p>USt-IdNr. DE277251844<\/p>\n<p>Inhaltlich Verantwortlicher gem\u00e4\u00df \u00a7 10 Absatz 3 MDStV:<br \/>\nProf. Dr. Volker Peem\u00f6ller<br \/>\n(Anschrift wie oben)<\/p>\n<p>Haftungshinweis:<br \/>\nTrotz sorgf\u00e4ltiger inhaltlicher Kontrolle \u00fcbernehmen wir keine Haftung f\u00fcr die Inhalte externer Links. F\u00fcr den Inhalt der verlinkten Seiten sind ausschlie\u00dflich deren Betreiber verantwortlich.<\/p>\n<p>Social-Media-Buttons:<br \/>\nWir verwenden die DSGVO-konforme L\u00f6sung &#8222;Shariff&#8220;, ein Projekt der <a href=\"https:\/\/www.ct.de\" target=\"_blank\" rel=\"noopener noreferrer nofollow\">c&#8217;t.<\/a><\/p>\n<p>Foto- und Bildmaterial dieser Website:<br \/>\nSofern der Bildnachweis nicht direkt auf der einzelnen Website angezeigt wird, entstammen unsere Fotos (Imagebilder) folgenden Quellen: www.de.fotolia.com<\/p>\n","protected":false},"excerpt":{"rendered":"<p>RECHNUNGSWESENfocus ist ein kostenloses Angebot der WIRTSCHAFTScampus Dr. Peem\u00f6ller GmbH. Die WIRTSCHAFTScampus Dr. Peem\u00f6ller GmbH und ihre Mitarbeiter besitzen seit \u00fcber 10 Jahren Erfahrungen im Bereich der buchhalterischen und betrieblichen Weiterbildung und als Veranstalter von betriebswirtschaftlichen Seminaren, Workshops, Jahres-Updates und Inhouseschulungen. Das Leistungsangebot des WIRTSCHAFTScampus beinhaltet die Lehrgangssegmente Certified Compliance Officer Certified Chief Compliance Officer [&hellip;]<\/p>\n","protected":false},"author":1,"featured_media":0,"parent":0,"menu_order":0,"comment_status":"closed","ping_status":"closed","template":"","meta":{"footnotes":""},"class_list":["post-14","page","type-page","status-publish","hentry"],"_links":{"self":[{"href":"https:\/\/www.wirtschaftscampus.de\/rechnungswesen-focus\/wp-json\/wp\/v2\/pages\/14","targetHints":{"allow":["GET"]}}],"collection":[{"href":"https:\/\/www.wirtschaftscampus.de\/rechnungswesen-focus\/wp-json\/wp\/v2\/pages"}],"about":[{"href":"https:\/\/www.wirtschaftscampus.de\/rechnungswesen-focus\/wp-json\/wp\/v2\/types\/page"}],"author":[{"embeddable":true,"href":"https:\/\/www.wirtschaftscampus.de\/rechnungswesen-focus\/wp-json\/wp\/v2\/users\/1"}],"replies":[{"embeddable":true,"href":"https:\/\/www.wirtschaftscampus.de\/rechnungswesen-focus\/wp-json\/wp\/v2\/comments?post=14"}],"version-history":[{"count":3,"href":"https:\/\/www.wirtschaftscampus.de\/rechnungswesen-focus\/wp-json\/wp\/v2\/pages\/14\/revisions"}],"predecessor-version":[{"id":77,"href":"https:\/\/www.wirtschaftscampus.de\/rechnungswesen-focus\/wp-json\/wp\/v2\/pages\/14\/revisions\/77"}],"wp:attachment":[{"href":"https:\/\/www.wirtschaftscampus.de\/rechnungswesen-focus\/wp-json\/wp\/v2\/media?parent=14"}],"curies":[{"name":"wp","href":"https:\/\/api.w.org\/{rel}","templated":true}]}}